{"id":3804,"date":"2021-11-10T10:29:49","date_gmt":"2021-11-10T09:29:49","guid":{"rendered":"https:\/\/www.grapillondor.com\/?post_type=product&#038;p=3804"},"modified":"2024-07-30T18:04:06","modified_gmt":"2024-07-30T16:04:06","slug":"gigondas-2021-cuvee-1806-bottle-75-cl-copie","status":"publish","type":"product","link":"https:\/\/www.grapillondor.com\/en\/produit\/gigondas-2021-cuvee-1806-bottle-75-cl-copie\/","title":{"rendered":"GIGONDAS 2021 cuvee 1806 bottle 75 cl"},"content":{"rendered":"<p><a href=\"https:\/\/jebdunnuck.com\/wines\/?keyword=grapillon+d%27or\" target=\"_blank\" rel=\"noopener noreferrer\"><img decoding=\"async\" class=\"wp-image-2729 alignleft\" src=\"https:\/\/www.grapillondor.com\/wp-content\/uploads\/2020\/04\/img_jebdunnuck.jpg\" alt=\"\" width=\"118\" height=\"50\" srcset=\"https:\/\/www.grapillondor.com\/wp-content\/uploads\/2020\/04\/img_jebdunnuck-110x46.jpg 110w, https:\/\/www.grapillondor.com\/wp-content\/uploads\/2020\/04\/img_jebdunnuck-200x84.jpg 200w, https:\/\/www.grapillondor.com\/wp-content\/uploads\/2020\/04\/img_jebdunnuck.jpg 218w\" sizes=\"(max-width: 118px) 100vw, 118px\" \/><\/a><br \/>\nJeb DUNNUCK 91-93<\/p>\n<p>&nbsp;<\/p>\n<p><a href=\"https:\/\/www.robertparker.com\/\" target=\"_blank\" rel=\"noopener noreferrer\"><img decoding=\"async\" class=\"wp-image-2730 alignleft\" src=\"https:\/\/www.grapillondor.com\/wp-content\/uploads\/2020\/04\/img_robertparker.jpg\" alt=\"\" width=\"118\" height=\"50\" srcset=\"https:\/\/www.grapillondor.com\/wp-content\/uploads\/2020\/04\/img_robertparker-110x46.jpg 110w, https:\/\/www.grapillondor.com\/wp-content\/uploads\/2020\/04\/img_robertparker-200x84.jpg 200w, https:\/\/www.grapillondor.com\/wp-content\/uploads\/2020\/04\/img_robertparker.jpg 218w\" sizes=\"(max-width: 118px) 100vw, 118px\" \/><\/a><br \/>\nThe Wine Advocate 91-93<\/p>\n<p>&nbsp;<\/p>\n<p><a href=\"https:\/\/www.decanter.com\/wine-reviews\/france\/gigondas\/domaine-de-grapillon-dor-1806-gigondas-gigondas-2014-10138\" target=\"_blank\" rel=\"noopener noreferrer\"><img decoding=\"async\" class=\"wp-image-2731 alignleft\" src=\"https:\/\/www.grapillondor.com\/wp-content\/uploads\/2020\/04\/img_decanter.jpg\" alt=\"\" width=\"118\" height=\"50\" srcset=\"https:\/\/www.grapillondor.com\/wp-content\/uploads\/2020\/04\/img_decanter-110x46.jpg 110w, https:\/\/www.grapillondor.com\/wp-content\/uploads\/2020\/04\/img_decanter-200x84.jpg 200w, https:\/\/www.grapillondor.com\/wp-content\/uploads\/2020\/04\/img_decanter.jpg 218w\" sizes=\"(max-width: 118px) 100vw, 118px\" \/><\/a><strong><br \/>\n<\/strong>The wines from our estate are ranked among the 100 Best in the World \u201d, GB DECANTER review<\/p>\n<p>JANCIS ROBINSON.COM 17\/20<\/p>\n<p>&nbsp;<\/p>\n<p><a href=\"https:\/\/www.domainedugrapillondor.com\/wp-content\/uploads\/2020\/04\/FOUDRE-2017.pdf\"><img decoding=\"async\" class=\"alignnone size-full wp-image-2997\" src=\"https:\/\/www.grapillondor.com\/wp-content\/uploads\/2020\/04\/pdf.png\" alt=\"\" width=\"32\" height=\"32\" \/><\/a><\/p>\n<p><span style=\"color: #8d7c14;\">\u00a0<\/span><\/p>\n","protected":false},"excerpt":{"rendered":"<p>Cuvee 1806<\/p>\n<p><strong>Colour:<\/strong>\u00a0Red<br \/>\n<strong>Grape-Varieties:<\/strong><br \/>\nMajority of GRENACHE then SYRAH<br \/>\n<strong>Yield:\u00a0<\/strong>34 hl\/hectares, one of the lowest in France.<\/p>\n<p><strong>The Vineyard: <\/strong>We have many parcels which are forty years old.<\/p>\n<p><strong>Exposure and soil: <\/strong>The vineyard is essentially situated on the north-south hillsides of Gigondas. We often have a lot of mistral wind.<br \/>\nThe soil is sandy at the top of the hill and clayish-limestone at the bottom.<\/p>\n<p><strong>Vinification: <\/strong>The vinification is traditional, the grapes are harvested by hand and carefully sorted. The grapes are destemmed but slightly crushed.<br \/>\nThe maceration lasts 20 to 25 days to obtain maximum concentration and aromas.<br \/>\nOur Gigondas is not fined or filtered.<\/p>\n<p><strong>Aging:<\/strong><br \/>\nThe ageing of this wine is done in oak barrels and tank, for 12 to 18 months, allowing the wine to air, to acquire roundness and soften its tannins.<br \/>\nThis wine is\u00a0Estate-bottled with our own bottling system.<br \/>\nGigondas( click on the image for our photo library )<\/p>\n<p><em><span style=\"color: #8d7c14;\">\u00ab It has a brilliant deep ruby red colour with intense aromas of red fruits, pepper, spice and liquorice. It\u2019s a full bodied and powerful wine, well balanced with a very long finish. It\u2019s a rich and elegant wine \u00bb<\/span><\/em><\/p>\n<p><strong>Serving Suggestions:<\/strong><br \/>\nThis wine is perfect with leg of lamb, beef with wine sauce, roasted pigeon, mushroom omelette, truffle omelette, game and cheese. This wine is perfect with many dishes.<\/p>\n<p>Serve it at the temperature of 18\u00b0.<br \/>\nIt\u2019s a keeping wine (10 years) it\u2019s best between\u00a02 and 6 years.<\/p>\n<p>&nbsp;<\/p>\n","protected":false},"featured_media":3468,"template":"","meta":[],"product_brand":[],"product_cat":[46],"product_tag":[],"class_list":{"0":"post-3804","1":"product","2":"type-product","3":"status-publish","4":"has-post-thumbnail","6":"product_cat-les-vins-en","8":"first","9":"instock","10":"taxable","11":"shipping-taxable","12":"purchasable","13":"product-type-simple"},"yoast_head":"<!-- This site is optimized with the Yoast SEO plugin v27.3 - https:\/\/yoast.com\/product\/yoast-seo-wordpress\/ -->\n<title>GIGONDAS 2021 cuvee 1806 bottle 75 cl - Le Grapillon d&#039;Or<\/title>\n<meta name=\"robots\" content=\"index, follow, max-snippet:-1, max-image-preview:large, max-video-preview:-1\" \/>\n<link rel=\"canonical\" href=\"https:\/\/www.grapillondor.com\/en\/produit\/gigondas-2021-cuvee-1806-bottle-75-cl-copie\/\" \/>\n<meta property=\"og:locale\" content=\"en_US\" \/>\n<meta property=\"og:type\" content=\"article\" \/>\n<meta property=\"og:title\" content=\"GIGONDAS 2021 cuvee 1806 bottle 75 cl - Le Grapillon d&#039;Or\" \/>\n<meta property=\"og:description\" content=\"Cuvee 1806  Colour:\u00a0Red Grape-Varieties: Majority of GRENACHE then SYRAH Yield:\u00a034 hl\/hectares, one of the lowest in France.  The Vineyard: We have many parcels which are forty years old.  Exposure and soil: The vineyard is essentially situated on the north-south hillsides of Gigondas. We often have a lot of mistral wind. The soil is sandy at the top of the hill and clayish-limestone at the bottom.  Vinification: The vinification is traditional, the grapes are harvested by hand and carefully sorted. The grapes are destemmed but slightly crushed. The maceration lasts 20 to 25 days to obtain maximum concentration and aromas. Our Gigondas is not fined or filtered.  Aging: The ageing of this wine is done in oak barrels and tank, for 12 to 18 months, allowing the wine to air, to acquire roundness and soften its tannins. This wine is\u00a0Estate-bottled with our own bottling system. Gigondas( click on the image for our photo library )  \u00ab It has a brilliant deep ruby red colour with intense aromas of red fruits, pepper, spice and liquorice. It\u2019s a full bodied and powerful wine, well balanced with a very long finish. It\u2019s a rich and elegant wine \u00bb  Serving Suggestions: This wine is perfect with leg of lamb, beef with wine sauce, roasted pigeon, mushroom omelette, truffle omelette, game and cheese. This wine is perfect with many dishes.  Serve it at the temperature of 18\u00b0. It\u2019s a keeping wine (10 years) it\u2019s best between\u00a02 and 6 years.  &nbsp;\" \/>\n<meta property=\"og:url\" content=\"https:\/\/www.grapillondor.com\/en\/produit\/gigondas-2021-cuvee-1806-bottle-75-cl-copie\/\" \/>\n<meta property=\"og:site_name\" content=\"Le Grapillon d&#039;Or\" \/>\n<meta property=\"article:modified_time\" content=\"2024-07-30T16:04:06+00:00\" \/>\n<meta property=\"og:image\" content=\"https:\/\/www.grapillondor.com\/wp-content\/uploads\/2020\/06\/gigondas-rouge-1806-famille-chauvet-domaine-du-grapillon-d-or.jpg\" \/>\n\t<meta property=\"og:image:width\" content=\"700\" \/>\n\t<meta property=\"og:image:height\" content=\"700\" \/>\n\t<meta property=\"og:image:type\" content=\"image\/jpeg\" \/>\n<meta name=\"twitter:card\" content=\"summary_large_image\" \/>\n<meta name=\"twitter:label1\" content=\"Est. reading time\" \/>\n\t<meta name=\"twitter:data1\" content=\"2 minutes\" \/>\n<script type=\"application\/ld+json\" class=\"yoast-schema-graph\">{\"@context\":\"https:\\\/\\\/schema.org\",\"@graph\":[{\"@type\":\"WebPage\",\"@id\":\"https:\\\/\\\/www.grapillondor.com\\\/en\\\/produit\\\/gigondas-2021-cuvee-1806-bottle-75-cl-copie\\\/\",\"url\":\"https:\\\/\\\/www.grapillondor.com\\\/en\\\/produit\\\/gigondas-2021-cuvee-1806-bottle-75-cl-copie\\\/\",\"name\":\"GIGONDAS 2021 cuvee 1806 bottle 75 cl - Le Grapillon d&#039;Or\",\"isPartOf\":{\"@id\":\"https:\\\/\\\/www.grapillondor.com\\\/#website\"},\"primaryImageOfPage\":{\"@id\":\"https:\\\/\\\/www.grapillondor.com\\\/en\\\/produit\\\/gigondas-2021-cuvee-1806-bottle-75-cl-copie\\\/#primaryimage\"},\"image\":{\"@id\":\"https:\\\/\\\/www.grapillondor.com\\\/en\\\/produit\\\/gigondas-2021-cuvee-1806-bottle-75-cl-copie\\\/#primaryimage\"},\"thumbnailUrl\":\"https:\\\/\\\/www.grapillondor.com\\\/wp-content\\\/uploads\\\/2020\\\/06\\\/gigondas-rouge-1806-famille-chauvet-domaine-du-grapillon-d-or.jpg\",\"datePublished\":\"2021-11-10T09:29:49+00:00\",\"dateModified\":\"2024-07-30T16:04:06+00:00\",\"breadcrumb\":{\"@id\":\"https:\\\/\\\/www.grapillondor.com\\\/en\\\/produit\\\/gigondas-2021-cuvee-1806-bottle-75-cl-copie\\\/#breadcrumb\"},\"inLanguage\":\"en-US\",\"potentialAction\":[{\"@type\":\"ReadAction\",\"target\":[\"https:\\\/\\\/www.grapillondor.com\\\/en\\\/produit\\\/gigondas-2021-cuvee-1806-bottle-75-cl-copie\\\/\"]}]},{\"@type\":\"ImageObject\",\"inLanguage\":\"en-US\",\"@id\":\"https:\\\/\\\/www.grapillondor.com\\\/en\\\/produit\\\/gigondas-2021-cuvee-1806-bottle-75-cl-copie\\\/#primaryimage\",\"url\":\"https:\\\/\\\/www.grapillondor.com\\\/wp-content\\\/uploads\\\/2020\\\/06\\\/gigondas-rouge-1806-famille-chauvet-domaine-du-grapillon-d-or.jpg\",\"contentUrl\":\"https:\\\/\\\/www.grapillondor.com\\\/wp-content\\\/uploads\\\/2020\\\/06\\\/gigondas-rouge-1806-famille-chauvet-domaine-du-grapillon-d-or.jpg\",\"width\":700,\"height\":700},{\"@type\":\"BreadcrumbList\",\"@id\":\"https:\\\/\\\/www.grapillondor.com\\\/en\\\/produit\\\/gigondas-2021-cuvee-1806-bottle-75-cl-copie\\\/#breadcrumb\",\"itemListElement\":[{\"@type\":\"ListItem\",\"position\":1,\"name\":\"Accueil\",\"item\":\"https:\\\/\\\/www.grapillondor.com\\\/en\\\/\"},{\"@type\":\"ListItem\",\"position\":2,\"name\":\"Shop\",\"item\":\"https:\\\/\\\/www.grapillondor.com\\\/shop\\\/?lang=en\"},{\"@type\":\"ListItem\",\"position\":3,\"name\":\"GIGONDAS 2021 cuvee 1806 bottle 75 cl\"}]},{\"@type\":\"WebSite\",\"@id\":\"https:\\\/\\\/www.grapillondor.com\\\/#website\",\"url\":\"https:\\\/\\\/www.grapillondor.com\\\/\",\"name\":\"Le Grapillon d&#039;Or\",\"description\":\"Depuis plus de 30 ans, le domaine est g\u00e9r\u00e9 avec succ\u00e8s par Bernard CHAUVET, rejoint il y a 10 ans par sa fille, C\u00e9line CHAUVET, qui s\u2019occupe de la vinification et de la gestion du domaine.\",\"potentialAction\":[{\"@type\":\"SearchAction\",\"target\":{\"@type\":\"EntryPoint\",\"urlTemplate\":\"https:\\\/\\\/www.grapillondor.com\\\/?s={search_term_string}\"},\"query-input\":{\"@type\":\"PropertyValueSpecification\",\"valueRequired\":true,\"valueName\":\"search_term_string\"}}],\"inLanguage\":\"en-US\"}]}<\/script>\n<!-- \/ Yoast SEO plugin. -->","yoast_head_json":{"title":"GIGONDAS 2021 cuvee 1806 bottle 75 cl - Le Grapillon d&#039;Or","robots":{"index":"index","follow":"follow","max-snippet":"max-snippet:-1","max-image-preview":"max-image-preview:large","max-video-preview":"max-video-preview:-1"},"canonical":"https:\/\/www.grapillondor.com\/en\/produit\/gigondas-2021-cuvee-1806-bottle-75-cl-copie\/","og_locale":"en_US","og_type":"article","og_title":"GIGONDAS 2021 cuvee 1806 bottle 75 cl - Le Grapillon d&#039;Or","og_description":"Cuvee 1806  Colour:\u00a0Red Grape-Varieties: Majority of GRENACHE then SYRAH Yield:\u00a034 hl\/hectares, one of the lowest in France.  The Vineyard: We have many parcels which are forty years old.  Exposure and soil: The vineyard is essentially situated on the north-south hillsides of Gigondas. We often have a lot of mistral wind. The soil is sandy at the top of the hill and clayish-limestone at the bottom.  Vinification: The vinification is traditional, the grapes are harvested by hand and carefully sorted. The grapes are destemmed but slightly crushed. The maceration lasts 20 to 25 days to obtain maximum concentration and aromas. Our Gigondas is not fined or filtered.  Aging: The ageing of this wine is done in oak barrels and tank, for 12 to 18 months, allowing the wine to air, to acquire roundness and soften its tannins. This wine is\u00a0Estate-bottled with our own bottling system. Gigondas( click on the image for our photo library )  \u00ab It has a brilliant deep ruby red colour with intense aromas of red fruits, pepper, spice and liquorice. It\u2019s a full bodied and powerful wine, well balanced with a very long finish. It\u2019s a rich and elegant wine \u00bb  Serving Suggestions: This wine is perfect with leg of lamb, beef with wine sauce, roasted pigeon, mushroom omelette, truffle omelette, game and cheese. This wine is perfect with many dishes.  Serve it at the temperature of 18\u00b0. It\u2019s a keeping wine (10 years) it\u2019s best between\u00a02 and 6 years.  &nbsp;","og_url":"https:\/\/www.grapillondor.com\/en\/produit\/gigondas-2021-cuvee-1806-bottle-75-cl-copie\/","og_site_name":"Le Grapillon d&#039;Or","article_modified_time":"2024-07-30T16:04:06+00:00","og_image":[{"width":700,"height":700,"url":"https:\/\/www.grapillondor.com\/wp-content\/uploads\/2020\/06\/gigondas-rouge-1806-famille-chauvet-domaine-du-grapillon-d-or.jpg","type":"image\/jpeg"}],"twitter_card":"summary_large_image","twitter_misc":{"Est. reading time":"2 minutes"},"schema":{"@context":"https:\/\/schema.org","@graph":[{"@type":"WebPage","@id":"https:\/\/www.grapillondor.com\/en\/produit\/gigondas-2021-cuvee-1806-bottle-75-cl-copie\/","url":"https:\/\/www.grapillondor.com\/en\/produit\/gigondas-2021-cuvee-1806-bottle-75-cl-copie\/","name":"GIGONDAS 2021 cuvee 1806 bottle 75 cl - Le Grapillon d&#039;Or","isPartOf":{"@id":"https:\/\/www.grapillondor.com\/#website"},"primaryImageOfPage":{"@id":"https:\/\/www.grapillondor.com\/en\/produit\/gigondas-2021-cuvee-1806-bottle-75-cl-copie\/#primaryimage"},"image":{"@id":"https:\/\/www.grapillondor.com\/en\/produit\/gigondas-2021-cuvee-1806-bottle-75-cl-copie\/#primaryimage"},"thumbnailUrl":"https:\/\/www.grapillondor.com\/wp-content\/uploads\/2020\/06\/gigondas-rouge-1806-famille-chauvet-domaine-du-grapillon-d-or.jpg","datePublished":"2021-11-10T09:29:49+00:00","dateModified":"2024-07-30T16:04:06+00:00","breadcrumb":{"@id":"https:\/\/www.grapillondor.com\/en\/produit\/gigondas-2021-cuvee-1806-bottle-75-cl-copie\/#breadcrumb"},"inLanguage":"en-US","potentialAction":[{"@type":"ReadAction","target":["https:\/\/www.grapillondor.com\/en\/produit\/gigondas-2021-cuvee-1806-bottle-75-cl-copie\/"]}]},{"@type":"ImageObject","inLanguage":"en-US","@id":"https:\/\/www.grapillondor.com\/en\/produit\/gigondas-2021-cuvee-1806-bottle-75-cl-copie\/#primaryimage","url":"https:\/\/www.grapillondor.com\/wp-content\/uploads\/2020\/06\/gigondas-rouge-1806-famille-chauvet-domaine-du-grapillon-d-or.jpg","contentUrl":"https:\/\/www.grapillondor.com\/wp-content\/uploads\/2020\/06\/gigondas-rouge-1806-famille-chauvet-domaine-du-grapillon-d-or.jpg","width":700,"height":700},{"@type":"BreadcrumbList","@id":"https:\/\/www.grapillondor.com\/en\/produit\/gigondas-2021-cuvee-1806-bottle-75-cl-copie\/#breadcrumb","itemListElement":[{"@type":"ListItem","position":1,"name":"Accueil","item":"https:\/\/www.grapillondor.com\/en\/"},{"@type":"ListItem","position":2,"name":"Shop","item":"https:\/\/www.grapillondor.com\/shop\/?lang=en"},{"@type":"ListItem","position":3,"name":"GIGONDAS 2021 cuvee 1806 bottle 75 cl"}]},{"@type":"WebSite","@id":"https:\/\/www.grapillondor.com\/#website","url":"https:\/\/www.grapillondor.com\/","name":"Le Grapillon d&#039;Or","description":"Depuis plus de 30 ans, le domaine est g\u00e9r\u00e9 avec succ\u00e8s par Bernard CHAUVET, rejoint il y a 10 ans par sa fille, C\u00e9line CHAUVET, qui s\u2019occupe de la vinification et de la gestion du domaine.","potentialAction":[{"@type":"SearchAction","target":{"@type":"EntryPoint","urlTemplate":"https:\/\/www.grapillondor.com\/?s={search_term_string}"},"query-input":{"@type":"PropertyValueSpecification","valueRequired":true,"valueName":"search_term_string"}}],"inLanguage":"en-US"}]}},"_links":{"self":[{"href":"https:\/\/www.grapillondor.com\/en\/wp-json\/wp\/v2\/product\/3804","targetHints":{"allow":["GET"]}}],"collection":[{"href":"https:\/\/www.grapillondor.com\/en\/wp-json\/wp\/v2\/product"}],"about":[{"href":"https:\/\/www.grapillondor.com\/en\/wp-json\/wp\/v2\/types\/product"}],"wp:featuredmedia":[{"embeddable":true,"href":"https:\/\/www.grapillondor.com\/en\/wp-json\/wp\/v2\/media\/3468"}],"wp:attachment":[{"href":"https:\/\/www.grapillondor.com\/en\/wp-json\/wp\/v2\/media?parent=3804"}],"wp:term":[{"taxonomy":"product_brand","embeddable":true,"href":"https:\/\/www.grapillondor.com\/en\/wp-json\/wp\/v2\/product_brand?post=3804"},{"taxonomy":"product_cat","embeddable":true,"href":"https:\/\/www.grapillondor.com\/en\/wp-json\/wp\/v2\/product_cat?post=3804"},{"taxonomy":"product_tag","embeddable":true,"href":"https:\/\/www.grapillondor.com\/en\/wp-json\/wp\/v2\/product_tag?post=3804"}],"curies":[{"name":"wp","href":"https:\/\/api.w.org\/{rel}","templated":true}]}}