{"id":3482,"date":"2020-06-11T14:28:08","date_gmt":"2020-06-11T12:28:08","guid":{"rendered":"https:\/\/www.grapillondor.com\/?post_type=product&#038;p=3482"},"modified":"2024-07-30T18:09:24","modified_gmt":"2024-07-30T16:09:24","slug":"rose-2023-igp-vaucluse-organic-bottle-75-cl","status":"publish","type":"product","link":"https:\/\/www.grapillondor.com\/en\/produit\/rose-2023-igp-vaucluse-organic-bottle-75-cl\/","title":{"rendered":"Ros\u00e9 2023 IGP Vaucluse Organic 12\u00b0 bottle 75 cl"},"content":{"rendered":"<p><a href=\"https:\/\/jebdunnuck.com\/wines\/?keyword=grapillon+d%27or\" target=\"_blank\" rel=\"noopener noreferrer\"><img decoding=\"async\" class=\"wp-image-2729 alignleft\" src=\"https:\/\/www.grapillondor.com\/wp-content\/uploads\/2020\/04\/img_jebdunnuck.jpg\" alt=\"\" width=\"118\" height=\"50\" srcset=\"https:\/\/www.grapillondor.com\/wp-content\/uploads\/2020\/04\/img_jebdunnuck-110x46.jpg 110w, https:\/\/www.grapillondor.com\/wp-content\/uploads\/2020\/04\/img_jebdunnuck-200x84.jpg 200w, https:\/\/www.grapillondor.com\/wp-content\/uploads\/2020\/04\/img_jebdunnuck.jpg 218w\" sizes=\"(max-width: 118px) 100vw, 118px\" \/><\/a><br \/>\nJeb DUNNUCK 92-94 \/ John Livingstone 4****\/ MATT WALLS 93<\/p>\n<p>&nbsp;<\/p>\n<p><a href=\"https:\/\/www.robertparker.com\/\" target=\"_blank\" rel=\"noopener noreferrer\"><img decoding=\"async\" class=\"wp-image-2730 alignleft\" src=\"https:\/\/www.grapillondor.com\/wp-content\/uploads\/2020\/04\/img_robertparker.jpg\" alt=\"\" width=\"118\" height=\"50\" srcset=\"https:\/\/www.grapillondor.com\/wp-content\/uploads\/2020\/04\/img_robertparker-110x46.jpg 110w, https:\/\/www.grapillondor.com\/wp-content\/uploads\/2020\/04\/img_robertparker-200x84.jpg 200w, https:\/\/www.grapillondor.com\/wp-content\/uploads\/2020\/04\/img_robertparker.jpg 218w\" sizes=\"(max-width: 118px) 100vw, 118px\" \/><\/a><br \/>\nThe Wine Advocate 94-96<\/p>\n<p>&nbsp;<\/p>\n<p><a href=\"https:\/\/www.winespectator.com\/articles\/the-rhone-day-7-gigondas-and-vacqueyras-16009\" target=\"_blank\" rel=\"noopener noreferrer\"><img decoding=\"async\" class=\"wp-image-2733 alignleft\" src=\"https:\/\/www.grapillondor.com\/wp-content\/uploads\/2020\/04\/img_winespectator-1.jpg\" alt=\"\" width=\"118\" height=\"50\" srcset=\"https:\/\/www.grapillondor.com\/wp-content\/uploads\/2020\/04\/img_winespectator-1-110x46.jpg 110w, https:\/\/www.grapillondor.com\/wp-content\/uploads\/2020\/04\/img_winespectator-1-200x84.jpg 200w, https:\/\/www.grapillondor.com\/wp-content\/uploads\/2020\/04\/img_winespectator-1.jpg 218w\" sizes=\"(max-width: 118px) 100vw, 118px\" \/><\/a><br \/>\nWine Spectator<\/p>\n<p>&nbsp;<\/p>\n<p><a href=\"https:\/\/www.decanter.com\/wine-reviews\/france\/gigondas\/domaine-de-grapillon-dor-1806-gigondas-gigondas-2014-10138\" target=\"_blank\" rel=\"noopener noreferrer\"><img decoding=\"async\" class=\"wp-image-2731 alignleft\" src=\"https:\/\/www.grapillondor.com\/wp-content\/uploads\/2020\/04\/img_decanter.jpg\" alt=\"\" width=\"118\" height=\"50\" srcset=\"https:\/\/www.grapillondor.com\/wp-content\/uploads\/2020\/04\/img_decanter-110x46.jpg 110w, https:\/\/www.grapillondor.com\/wp-content\/uploads\/2020\/04\/img_decanter-200x84.jpg 200w, https:\/\/www.grapillondor.com\/wp-content\/uploads\/2020\/04\/img_decanter.jpg 218w\" sizes=\"(max-width: 118px) 100vw, 118px\" \/><\/a><strong><br \/>\n<\/strong>The wines from our estate are ranked among the 100 Best in the World \u201d, GB DECANTER review<\/p>\n<p>&nbsp;<\/p>\n<p><a href=\"https:\/\/www.grapillondor.com\/wp-content\/uploads\/2020\/04\/VACQUEYRAS-WHITE-2018.pdf\" target=\"_blank\" rel=\"noopener noreferrer\">Download the PDF file<\/a><\/p>\n<p><span style=\"color: #8d7c14;\">Bronze Medal in M\u00e2con at the Grands Vins de France 2018 competition.<\/span><\/p>\n","protected":false},"excerpt":{"rendered":"<h2><span style=\"color: #8d7c14;\">Rose Organic 12\u00b0<br \/>\n<\/span><\/h2>\n<p><img decoding=\"async\" class=\"alignnone wp-image-3257 size-thumbnail\" src=\"https:\/\/www.grapillondor.com\/wp-content\/uploads\/2020\/04\/ab-150x150.png\" alt=\"\" width=\"150\" height=\"150\" srcset=\"https:\/\/www.grapillondor.com\/wp-content\/uploads\/2020\/04\/ab-66x66.png 66w, https:\/\/www.grapillondor.com\/wp-content\/uploads\/2020\/04\/ab-100x100.png 100w, https:\/\/www.grapillondor.com\/wp-content\/uploads\/2020\/04\/ab-150x150.png 150w, https:\/\/www.grapillondor.com\/wp-content\/uploads\/2020\/04\/ab-296x295.png 296w\" sizes=\"(max-width: 150px) 100vw, 150px\" \/><\/p>\n<p><strong>Colour:<\/strong> Rose<\/p>\n<p><strong>Grape-Varieties:\u00a0 <\/strong>80% Grenache 20% Cinsault<\/p>\n<p><strong>Yield:<\/strong> 70 hl\/hectares<\/p>\n<p><strong>Soil:\u00a0 <\/strong>Sandy and Clay<\/p>\n<p><strong>Vinification: <\/strong> The vinification is traditional. The grapes are carrefully sorted and destemmed. Direct pressing, fermentation at low temperature.<\/p>\n<p><strong>Tasting notes: <\/strong><em><span style=\"color: #8d7c14;\">\u00ab Pretty light pink dress, bright and limpid. Nose of crushed strawberries, mixed with citrus notes. Round, smooth mouth, with notes of white fruit and apricots.<\/span><\/em><em><span style=\"color: #8d7c14;\">\u00bb<\/span><\/em><\/p>\n<p><strong>Serving Suggestions: <\/strong>This wine is perfect as an aperitif, with summer salads, exotic dishes, tapas, grilled white meats or red meats, fish, grilled vegetables.<\/p>\n<p>Serve it at the temperature of 5\u00b0 to 8\u00b0.<\/p>\n","protected":false},"featured_media":3872,"template":"","meta":[],"product_brand":[],"product_cat":[46],"product_tag":[],"class_list":{"0":"post-3482","1":"product","2":"type-product","3":"status-publish","4":"has-post-thumbnail","6":"product_cat-les-vins-en","8":"first","9":"instock","10":"taxable","11":"shipping-taxable","12":"purchasable","13":"product-type-simple"},"yoast_head":"<!-- This site is optimized with the Yoast SEO plugin v27.5 - https:\/\/yoast.com\/product\/yoast-seo-wordpress\/ -->\n<title>Ros\u00e9 2023 IGP Vaucluse Organic 12\u00b0 bottle 75 cl - Le Grapillon d&#039;Or<\/title>\n<meta name=\"robots\" content=\"index, follow, max-snippet:-1, max-image-preview:large, max-video-preview:-1\" \/>\n<link rel=\"canonical\" href=\"https:\/\/www.grapillondor.com\/en\/produit\/rose-2023-igp-vaucluse-organic-bottle-75-cl\/\" \/>\n<meta property=\"og:locale\" content=\"en_US\" \/>\n<meta property=\"og:type\" content=\"article\" \/>\n<meta property=\"og:title\" content=\"Ros\u00e9 2023 IGP Vaucluse Organic 12\u00b0 bottle 75 cl - Le Grapillon d&#039;Or\" \/>\n<meta property=\"og:description\" content=\"Rose Organic 12\u00b0    Colour: Rose  Grape-Varieties:\u00a0 80% Grenache 20% Cinsault  Yield: 70 hl\/hectares  Soil:\u00a0 Sandy and Clay  Vinification: The vinification is traditional. The grapes are carrefully sorted and destemmed. Direct pressing, fermentation at low temperature.  Tasting notes: \u00ab Pretty light pink dress, bright and limpid. Nose of crushed strawberries, mixed with citrus notes. Round, smooth mouth, with notes of white fruit and apricots.\u00bb  Serving Suggestions: This wine is perfect as an aperitif, with summer salads, exotic dishes, tapas, grilled white meats or red meats, fish, grilled vegetables.  Serve it at the temperature of 5\u00b0 to 8\u00b0.\" \/>\n<meta property=\"og:url\" content=\"https:\/\/www.grapillondor.com\/en\/produit\/rose-2023-igp-vaucluse-organic-bottle-75-cl\/\" \/>\n<meta property=\"og:site_name\" content=\"Le Grapillon d&#039;Or\" \/>\n<meta property=\"article:modified_time\" content=\"2024-07-30T16:09:24+00:00\" \/>\n<meta property=\"og:image\" content=\"https:\/\/www.grapillondor.com\/wp-content\/uploads\/2020\/06\/Domaine-du-Grapillon-d-Or-Rose-BIO-2021.jpg\" \/>\n\t<meta property=\"og:image:width\" content=\"700\" \/>\n\t<meta property=\"og:image:height\" content=\"700\" \/>\n\t<meta property=\"og:image:type\" content=\"image\/jpeg\" \/>\n<meta name=\"twitter:card\" content=\"summary_large_image\" \/>\n<meta name=\"twitter:label1\" content=\"Est. reading time\" \/>\n\t<meta name=\"twitter:data1\" content=\"2 minutes\" \/>\n<script type=\"application\/ld+json\" class=\"yoast-schema-graph\">{\"@context\":\"https:\\\/\\\/schema.org\",\"@graph\":[{\"@type\":\"WebPage\",\"@id\":\"https:\\\/\\\/www.grapillondor.com\\\/en\\\/produit\\\/rose-2023-igp-vaucluse-organic-bottle-75-cl\\\/\",\"url\":\"https:\\\/\\\/www.grapillondor.com\\\/en\\\/produit\\\/rose-2023-igp-vaucluse-organic-bottle-75-cl\\\/\",\"name\":\"Ros\u00e9 2023 IGP Vaucluse Organic 12\u00b0 bottle 75 cl - Le Grapillon d&#039;Or\",\"isPartOf\":{\"@id\":\"https:\\\/\\\/www.grapillondor.com\\\/#website\"},\"primaryImageOfPage\":{\"@id\":\"https:\\\/\\\/www.grapillondor.com\\\/en\\\/produit\\\/rose-2023-igp-vaucluse-organic-bottle-75-cl\\\/#primaryimage\"},\"image\":{\"@id\":\"https:\\\/\\\/www.grapillondor.com\\\/en\\\/produit\\\/rose-2023-igp-vaucluse-organic-bottle-75-cl\\\/#primaryimage\"},\"thumbnailUrl\":\"https:\\\/\\\/www.grapillondor.com\\\/wp-content\\\/uploads\\\/2020\\\/06\\\/Domaine-du-Grapillon-d-Or-Rose-BIO-2021.jpg\",\"datePublished\":\"2020-06-11T12:28:08+00:00\",\"dateModified\":\"2024-07-30T16:09:24+00:00\",\"breadcrumb\":{\"@id\":\"https:\\\/\\\/www.grapillondor.com\\\/en\\\/produit\\\/rose-2023-igp-vaucluse-organic-bottle-75-cl\\\/#breadcrumb\"},\"inLanguage\":\"en-US\",\"potentialAction\":[{\"@type\":\"ReadAction\",\"target\":[\"https:\\\/\\\/www.grapillondor.com\\\/en\\\/produit\\\/rose-2023-igp-vaucluse-organic-bottle-75-cl\\\/\"]}]},{\"@type\":\"ImageObject\",\"inLanguage\":\"en-US\",\"@id\":\"https:\\\/\\\/www.grapillondor.com\\\/en\\\/produit\\\/rose-2023-igp-vaucluse-organic-bottle-75-cl\\\/#primaryimage\",\"url\":\"https:\\\/\\\/www.grapillondor.com\\\/wp-content\\\/uploads\\\/2020\\\/06\\\/Domaine-du-Grapillon-d-Or-Rose-BIO-2021.jpg\",\"contentUrl\":\"https:\\\/\\\/www.grapillondor.com\\\/wp-content\\\/uploads\\\/2020\\\/06\\\/Domaine-du-Grapillon-d-Or-Rose-BIO-2021.jpg\",\"width\":700,\"height\":700},{\"@type\":\"BreadcrumbList\",\"@id\":\"https:\\\/\\\/www.grapillondor.com\\\/en\\\/produit\\\/rose-2023-igp-vaucluse-organic-bottle-75-cl\\\/#breadcrumb\",\"itemListElement\":[{\"@type\":\"ListItem\",\"position\":1,\"name\":\"Accueil\",\"item\":\"https:\\\/\\\/www.grapillondor.com\\\/en\\\/\"},{\"@type\":\"ListItem\",\"position\":2,\"name\":\"Shop\",\"item\":\"https:\\\/\\\/www.grapillondor.com\\\/shop\\\/?lang=en\"},{\"@type\":\"ListItem\",\"position\":3,\"name\":\"Ros\u00e9 2023 IGP Vaucluse Organic 12\u00b0 bottle 75 cl\"}]},{\"@type\":\"WebSite\",\"@id\":\"https:\\\/\\\/www.grapillondor.com\\\/#website\",\"url\":\"https:\\\/\\\/www.grapillondor.com\\\/\",\"name\":\"Le Grapillon d&#039;Or\",\"description\":\"Depuis plus de 30 ans, le domaine est g\u00e9r\u00e9 avec succ\u00e8s par Bernard CHAUVET, rejoint il y a 10 ans par sa fille, C\u00e9line CHAUVET, qui s\u2019occupe de la vinification et de la gestion du domaine.\",\"potentialAction\":[{\"@type\":\"SearchAction\",\"target\":{\"@type\":\"EntryPoint\",\"urlTemplate\":\"https:\\\/\\\/www.grapillondor.com\\\/?s={search_term_string}\"},\"query-input\":{\"@type\":\"PropertyValueSpecification\",\"valueRequired\":true,\"valueName\":\"search_term_string\"}}],\"inLanguage\":\"en-US\"}]}<\/script>\n<!-- \/ Yoast SEO plugin. -->","yoast_head_json":{"title":"Ros\u00e9 2023 IGP Vaucluse Organic 12\u00b0 bottle 75 cl - Le Grapillon d&#039;Or","robots":{"index":"index","follow":"follow","max-snippet":"max-snippet:-1","max-image-preview":"max-image-preview:large","max-video-preview":"max-video-preview:-1"},"canonical":"https:\/\/www.grapillondor.com\/en\/produit\/rose-2023-igp-vaucluse-organic-bottle-75-cl\/","og_locale":"en_US","og_type":"article","og_title":"Ros\u00e9 2023 IGP Vaucluse Organic 12\u00b0 bottle 75 cl - Le Grapillon d&#039;Or","og_description":"Rose Organic 12\u00b0    Colour: Rose  Grape-Varieties:\u00a0 80% Grenache 20% Cinsault  Yield: 70 hl\/hectares  Soil:\u00a0 Sandy and Clay  Vinification: The vinification is traditional. The grapes are carrefully sorted and destemmed. Direct pressing, fermentation at low temperature.  Tasting notes: \u00ab Pretty light pink dress, bright and limpid. Nose of crushed strawberries, mixed with citrus notes. Round, smooth mouth, with notes of white fruit and apricots.\u00bb  Serving Suggestions: This wine is perfect as an aperitif, with summer salads, exotic dishes, tapas, grilled white meats or red meats, fish, grilled vegetables.  Serve it at the temperature of 5\u00b0 to 8\u00b0.","og_url":"https:\/\/www.grapillondor.com\/en\/produit\/rose-2023-igp-vaucluse-organic-bottle-75-cl\/","og_site_name":"Le Grapillon d&#039;Or","article_modified_time":"2024-07-30T16:09:24+00:00","og_image":[{"width":700,"height":700,"url":"https:\/\/www.grapillondor.com\/wp-content\/uploads\/2020\/06\/Domaine-du-Grapillon-d-Or-Rose-BIO-2021.jpg","type":"image\/jpeg"}],"twitter_card":"summary_large_image","twitter_misc":{"Est. reading time":"2 minutes"},"schema":{"@context":"https:\/\/schema.org","@graph":[{"@type":"WebPage","@id":"https:\/\/www.grapillondor.com\/en\/produit\/rose-2023-igp-vaucluse-organic-bottle-75-cl\/","url":"https:\/\/www.grapillondor.com\/en\/produit\/rose-2023-igp-vaucluse-organic-bottle-75-cl\/","name":"Ros\u00e9 2023 IGP Vaucluse Organic 12\u00b0 bottle 75 cl - Le Grapillon d&#039;Or","isPartOf":{"@id":"https:\/\/www.grapillondor.com\/#website"},"primaryImageOfPage":{"@id":"https:\/\/www.grapillondor.com\/en\/produit\/rose-2023-igp-vaucluse-organic-bottle-75-cl\/#primaryimage"},"image":{"@id":"https:\/\/www.grapillondor.com\/en\/produit\/rose-2023-igp-vaucluse-organic-bottle-75-cl\/#primaryimage"},"thumbnailUrl":"https:\/\/www.grapillondor.com\/wp-content\/uploads\/2020\/06\/Domaine-du-Grapillon-d-Or-Rose-BIO-2021.jpg","datePublished":"2020-06-11T12:28:08+00:00","dateModified":"2024-07-30T16:09:24+00:00","breadcrumb":{"@id":"https:\/\/www.grapillondor.com\/en\/produit\/rose-2023-igp-vaucluse-organic-bottle-75-cl\/#breadcrumb"},"inLanguage":"en-US","potentialAction":[{"@type":"ReadAction","target":["https:\/\/www.grapillondor.com\/en\/produit\/rose-2023-igp-vaucluse-organic-bottle-75-cl\/"]}]},{"@type":"ImageObject","inLanguage":"en-US","@id":"https:\/\/www.grapillondor.com\/en\/produit\/rose-2023-igp-vaucluse-organic-bottle-75-cl\/#primaryimage","url":"https:\/\/www.grapillondor.com\/wp-content\/uploads\/2020\/06\/Domaine-du-Grapillon-d-Or-Rose-BIO-2021.jpg","contentUrl":"https:\/\/www.grapillondor.com\/wp-content\/uploads\/2020\/06\/Domaine-du-Grapillon-d-Or-Rose-BIO-2021.jpg","width":700,"height":700},{"@type":"BreadcrumbList","@id":"https:\/\/www.grapillondor.com\/en\/produit\/rose-2023-igp-vaucluse-organic-bottle-75-cl\/#breadcrumb","itemListElement":[{"@type":"ListItem","position":1,"name":"Accueil","item":"https:\/\/www.grapillondor.com\/en\/"},{"@type":"ListItem","position":2,"name":"Shop","item":"https:\/\/www.grapillondor.com\/shop\/?lang=en"},{"@type":"ListItem","position":3,"name":"Ros\u00e9 2023 IGP Vaucluse Organic 12\u00b0 bottle 75 cl"}]},{"@type":"WebSite","@id":"https:\/\/www.grapillondor.com\/#website","url":"https:\/\/www.grapillondor.com\/","name":"Le Grapillon d&#039;Or","description":"Depuis plus de 30 ans, le domaine est g\u00e9r\u00e9 avec succ\u00e8s par Bernard CHAUVET, rejoint il y a 10 ans par sa fille, C\u00e9line CHAUVET, qui s\u2019occupe de la vinification et de la gestion du domaine.","potentialAction":[{"@type":"SearchAction","target":{"@type":"EntryPoint","urlTemplate":"https:\/\/www.grapillondor.com\/?s={search_term_string}"},"query-input":{"@type":"PropertyValueSpecification","valueRequired":true,"valueName":"search_term_string"}}],"inLanguage":"en-US"}]}},"_links":{"self":[{"href":"https:\/\/www.grapillondor.com\/en\/wp-json\/wp\/v2\/product\/3482","targetHints":{"allow":["GET"]}}],"collection":[{"href":"https:\/\/www.grapillondor.com\/en\/wp-json\/wp\/v2\/product"}],"about":[{"href":"https:\/\/www.grapillondor.com\/en\/wp-json\/wp\/v2\/types\/product"}],"wp:featuredmedia":[{"embeddable":true,"href":"https:\/\/www.grapillondor.com\/en\/wp-json\/wp\/v2\/media\/3872"}],"wp:attachment":[{"href":"https:\/\/www.grapillondor.com\/en\/wp-json\/wp\/v2\/media?parent=3482"}],"wp:term":[{"taxonomy":"product_brand","embeddable":true,"href":"https:\/\/www.grapillondor.com\/en\/wp-json\/wp\/v2\/product_brand?post=3482"},{"taxonomy":"product_cat","embeddable":true,"href":"https:\/\/www.grapillondor.com\/en\/wp-json\/wp\/v2\/product_cat?post=3482"},{"taxonomy":"product_tag","embeddable":true,"href":"https:\/\/www.grapillondor.com\/en\/wp-json\/wp\/v2\/product_tag?post=3482"}],"curies":[{"name":"wp","href":"https:\/\/api.w.org\/{rel}","templated":true}]}}