{"id":3204,"date":"2020-04-17T17:59:12","date_gmt":"2020-04-17T15:59:12","guid":{"rendered":"https:\/\/www.grapillondor.com\/?post_type=product&#038;p=3204"},"modified":"2024-07-30T18:01:17","modified_gmt":"2024-07-30T16:01:17","slug":"igp-vaucluse-bib-2023-red","status":"publish","type":"product","link":"https:\/\/www.grapillondor.com\/en\/produit\/igp-vaucluse-bib-2023-red\/","title":{"rendered":"IGP Vaucluse 2023 BIB (10 liters)"},"content":{"rendered":"<p><a href=\"https:\/\/www.decanter.com\/wine-reviews\/france\/gigondas\/domaine-de-grapillon-dor-1806-gigondas-gigondas-2014-10138\" target=\"_blank\" rel=\"noopener noreferrer\"><img decoding=\"async\" class=\"wp-image-2731 alignleft\" src=\"https:\/\/www.grapillondor.com\/wp-content\/uploads\/2020\/04\/img_decanter.jpg\" alt=\"\" width=\"118\" height=\"50\" srcset=\"https:\/\/www.grapillondor.com\/wp-content\/uploads\/2020\/04\/img_decanter-110x46.jpg 110w, https:\/\/www.grapillondor.com\/wp-content\/uploads\/2020\/04\/img_decanter-200x84.jpg 200w, https:\/\/www.grapillondor.com\/wp-content\/uploads\/2020\/04\/img_decanter.jpg 218w\" sizes=\"(max-width: 118px) 100vw, 118px\" \/><\/a><strong><br \/>\n<\/strong>The wines from our estate are ranked among the 100 Best in the World \u201d, GB DECANTER review<\/p>\n<p>&nbsp;<\/p>\n<p><a href=\"https:\/\/www.domainedugrapillondor.com\/wp-content\/uploads\/2020\/04\/VDP-2017-FR-PHOTO.pdf\"><img decoding=\"async\" class=\"alignnone size-full wp-image-2997\" src=\"https:\/\/www.grapillondor.com\/wp-content\/uploads\/2020\/04\/pdf.png\" alt=\"\" width=\"32\" height=\"32\" \/><\/a><\/p>\n<p><span style=\"color: #8d7c14;\">Bronze Medal in M\u00e2con at the Grands Vins de France 2018 competition.<\/span><\/p>\n","protected":false},"excerpt":{"rendered":"<h2>Merlot Caladoc<\/h2>\n<p><strong>Colour: <\/strong>Red<br \/>\n<strong>Grape-varieties: <\/strong>Merlot \/ Caladoc \/ Carignan<\/p>\n<p><strong>The Vineyard &amp; Soil: <\/strong>the vineyard is situated about 3 kilometers from Gigondas and the soil is clayish-limestone.<\/p>\n<p><strong>Vinification: <\/strong>the vinification is traditional, the grapes are harvested by hand, carefully sorted and destemmed. The maceration lasts 10 days to obtain maximum aromatic compounds.<\/p>\n<p><strong>Ageing: <\/strong>the wines are kept in vats for 12 months before being bottled.<br \/>\nThe country wine is Estate-bottled with our own bottling system.<\/p>\n<p><strong>Serving suggestions: <\/strong>this wine is perfect with grilled meat, pizza, exotic dishes, risotto, pasta, summer dishes, salad and cheese. You can serve it chilled.<br \/>\nIt&#8217;s a lively and fruity wine for drinking every day or with friends.<br \/>\nThis wine can be kept 2 years and it is excellent value for money.<\/p>\n<p>&nbsp;<\/p>\n","protected":false},"featured_media":3206,"template":"","meta":[],"product_brand":[],"product_cat":[46],"product_tag":[],"class_list":{"0":"post-3204","1":"product","2":"type-product","3":"status-publish","4":"has-post-thumbnail","6":"product_cat-les-vins-en","8":"first","9":"instock","10":"taxable","11":"shipping-taxable","12":"purchasable","13":"product-type-simple"},"yoast_head":"<!-- This site is optimized with the Yoast SEO plugin v27.5 - https:\/\/yoast.com\/product\/yoast-seo-wordpress\/ -->\n<title>IGP Vaucluse 2023 BIB (10 liters) - Le Grapillon d&#039;Or<\/title>\n<meta name=\"robots\" content=\"index, follow, max-snippet:-1, max-image-preview:large, max-video-preview:-1\" \/>\n<link rel=\"canonical\" href=\"https:\/\/www.grapillondor.com\/en\/produit\/igp-vaucluse-bib-2023-red\/\" \/>\n<meta property=\"og:locale\" content=\"en_US\" \/>\n<meta property=\"og:type\" content=\"article\" \/>\n<meta property=\"og:title\" content=\"IGP Vaucluse 2023 BIB (10 liters) - Le Grapillon d&#039;Or\" \/>\n<meta property=\"og:description\" content=\"Merlot Caladoc Colour: Red Grape-varieties: Merlot \/ Caladoc \/ Carignan  The Vineyard &amp; Soil: the vineyard is situated about 3 kilometers from Gigondas and the soil is clayish-limestone.  Vinification: the vinification is traditional, the grapes are harvested by hand, carefully sorted and destemmed. The maceration lasts 10 days to obtain maximum aromatic compounds.  Ageing: the wines are kept in vats for 12 months before being bottled. The country wine is Estate-bottled with our own bottling system.  Serving suggestions: this wine is perfect with grilled meat, pizza, exotic dishes, risotto, pasta, summer dishes, salad and cheese. You can serve it chilled. It&#039;s a lively and fruity wine for drinking every day or with friends. This wine can be kept 2 years and it is excellent value for money.  &nbsp;\" \/>\n<meta property=\"og:url\" content=\"https:\/\/www.grapillondor.com\/en\/produit\/igp-vaucluse-bib-2023-red\/\" \/>\n<meta property=\"og:site_name\" content=\"Le Grapillon d&#039;Or\" \/>\n<meta property=\"article:modified_time\" content=\"2024-07-30T16:01:17+00:00\" \/>\n<meta property=\"og:image\" content=\"https:\/\/www.grapillondor.com\/wp-content\/uploads\/2020\/04\/IMG_8309_opti.jpg\" \/>\n\t<meta property=\"og:image:width\" content=\"700\" \/>\n\t<meta property=\"og:image:height\" content=\"700\" \/>\n\t<meta property=\"og:image:type\" content=\"image\/jpeg\" \/>\n<meta name=\"twitter:card\" content=\"summary_large_image\" \/>\n<meta name=\"twitter:label1\" content=\"Est. reading time\" \/>\n\t<meta name=\"twitter:data1\" content=\"1 minute\" \/>\n<script type=\"application\/ld+json\" class=\"yoast-schema-graph\">{\"@context\":\"https:\\\/\\\/schema.org\",\"@graph\":[{\"@type\":\"WebPage\",\"@id\":\"https:\\\/\\\/www.grapillondor.com\\\/en\\\/produit\\\/igp-vaucluse-bib-2023-red\\\/\",\"url\":\"https:\\\/\\\/www.grapillondor.com\\\/en\\\/produit\\\/igp-vaucluse-bib-2023-red\\\/\",\"name\":\"IGP Vaucluse 2023 BIB (10 liters) - Le Grapillon d&#039;Or\",\"isPartOf\":{\"@id\":\"https:\\\/\\\/www.grapillondor.com\\\/#website\"},\"primaryImageOfPage\":{\"@id\":\"https:\\\/\\\/www.grapillondor.com\\\/en\\\/produit\\\/igp-vaucluse-bib-2023-red\\\/#primaryimage\"},\"image\":{\"@id\":\"https:\\\/\\\/www.grapillondor.com\\\/en\\\/produit\\\/igp-vaucluse-bib-2023-red\\\/#primaryimage\"},\"thumbnailUrl\":\"https:\\\/\\\/www.grapillondor.com\\\/wp-content\\\/uploads\\\/2020\\\/04\\\/IMG_8309_opti.jpg\",\"datePublished\":\"2020-04-17T15:59:12+00:00\",\"dateModified\":\"2024-07-30T16:01:17+00:00\",\"breadcrumb\":{\"@id\":\"https:\\\/\\\/www.grapillondor.com\\\/en\\\/produit\\\/igp-vaucluse-bib-2023-red\\\/#breadcrumb\"},\"inLanguage\":\"en-US\",\"potentialAction\":[{\"@type\":\"ReadAction\",\"target\":[\"https:\\\/\\\/www.grapillondor.com\\\/en\\\/produit\\\/igp-vaucluse-bib-2023-red\\\/\"]}]},{\"@type\":\"ImageObject\",\"inLanguage\":\"en-US\",\"@id\":\"https:\\\/\\\/www.grapillondor.com\\\/en\\\/produit\\\/igp-vaucluse-bib-2023-red\\\/#primaryimage\",\"url\":\"https:\\\/\\\/www.grapillondor.com\\\/wp-content\\\/uploads\\\/2020\\\/04\\\/IMG_8309_opti.jpg\",\"contentUrl\":\"https:\\\/\\\/www.grapillondor.com\\\/wp-content\\\/uploads\\\/2020\\\/04\\\/IMG_8309_opti.jpg\",\"width\":700,\"height\":700},{\"@type\":\"BreadcrumbList\",\"@id\":\"https:\\\/\\\/www.grapillondor.com\\\/en\\\/produit\\\/igp-vaucluse-bib-2023-red\\\/#breadcrumb\",\"itemListElement\":[{\"@type\":\"ListItem\",\"position\":1,\"name\":\"Accueil\",\"item\":\"https:\\\/\\\/www.grapillondor.com\\\/en\\\/\"},{\"@type\":\"ListItem\",\"position\":2,\"name\":\"Shop\",\"item\":\"https:\\\/\\\/www.grapillondor.com\\\/shop\\\/?lang=en\"},{\"@type\":\"ListItem\",\"position\":3,\"name\":\"IGP Vaucluse 2023 BIB (10 liters)\"}]},{\"@type\":\"WebSite\",\"@id\":\"https:\\\/\\\/www.grapillondor.com\\\/#website\",\"url\":\"https:\\\/\\\/www.grapillondor.com\\\/\",\"name\":\"Le Grapillon d&#039;Or\",\"description\":\"Depuis plus de 30 ans, le domaine est g\u00e9r\u00e9 avec succ\u00e8s par Bernard CHAUVET, rejoint il y a 10 ans par sa fille, C\u00e9line CHAUVET, qui s\u2019occupe de la vinification et de la gestion du domaine.\",\"potentialAction\":[{\"@type\":\"SearchAction\",\"target\":{\"@type\":\"EntryPoint\",\"urlTemplate\":\"https:\\\/\\\/www.grapillondor.com\\\/?s={search_term_string}\"},\"query-input\":{\"@type\":\"PropertyValueSpecification\",\"valueRequired\":true,\"valueName\":\"search_term_string\"}}],\"inLanguage\":\"en-US\"}]}<\/script>\n<!-- \/ Yoast SEO plugin. -->","yoast_head_json":{"title":"IGP Vaucluse 2023 BIB (10 liters) - Le Grapillon d&#039;Or","robots":{"index":"index","follow":"follow","max-snippet":"max-snippet:-1","max-image-preview":"max-image-preview:large","max-video-preview":"max-video-preview:-1"},"canonical":"https:\/\/www.grapillondor.com\/en\/produit\/igp-vaucluse-bib-2023-red\/","og_locale":"en_US","og_type":"article","og_title":"IGP Vaucluse 2023 BIB (10 liters) - Le Grapillon d&#039;Or","og_description":"Merlot Caladoc Colour: Red Grape-varieties: Merlot \/ Caladoc \/ Carignan  The Vineyard &amp; Soil: the vineyard is situated about 3 kilometers from Gigondas and the soil is clayish-limestone.  Vinification: the vinification is traditional, the grapes are harvested by hand, carefully sorted and destemmed. The maceration lasts 10 days to obtain maximum aromatic compounds.  Ageing: the wines are kept in vats for 12 months before being bottled. The country wine is Estate-bottled with our own bottling system.  Serving suggestions: this wine is perfect with grilled meat, pizza, exotic dishes, risotto, pasta, summer dishes, salad and cheese. You can serve it chilled. It's a lively and fruity wine for drinking every day or with friends. This wine can be kept 2 years and it is excellent value for money.  &nbsp;","og_url":"https:\/\/www.grapillondor.com\/en\/produit\/igp-vaucluse-bib-2023-red\/","og_site_name":"Le Grapillon d&#039;Or","article_modified_time":"2024-07-30T16:01:17+00:00","og_image":[{"width":700,"height":700,"url":"https:\/\/www.grapillondor.com\/wp-content\/uploads\/2020\/04\/IMG_8309_opti.jpg","type":"image\/jpeg"}],"twitter_card":"summary_large_image","twitter_misc":{"Est. reading time":"1 minute"},"schema":{"@context":"https:\/\/schema.org","@graph":[{"@type":"WebPage","@id":"https:\/\/www.grapillondor.com\/en\/produit\/igp-vaucluse-bib-2023-red\/","url":"https:\/\/www.grapillondor.com\/en\/produit\/igp-vaucluse-bib-2023-red\/","name":"IGP Vaucluse 2023 BIB (10 liters) - Le Grapillon d&#039;Or","isPartOf":{"@id":"https:\/\/www.grapillondor.com\/#website"},"primaryImageOfPage":{"@id":"https:\/\/www.grapillondor.com\/en\/produit\/igp-vaucluse-bib-2023-red\/#primaryimage"},"image":{"@id":"https:\/\/www.grapillondor.com\/en\/produit\/igp-vaucluse-bib-2023-red\/#primaryimage"},"thumbnailUrl":"https:\/\/www.grapillondor.com\/wp-content\/uploads\/2020\/04\/IMG_8309_opti.jpg","datePublished":"2020-04-17T15:59:12+00:00","dateModified":"2024-07-30T16:01:17+00:00","breadcrumb":{"@id":"https:\/\/www.grapillondor.com\/en\/produit\/igp-vaucluse-bib-2023-red\/#breadcrumb"},"inLanguage":"en-US","potentialAction":[{"@type":"ReadAction","target":["https:\/\/www.grapillondor.com\/en\/produit\/igp-vaucluse-bib-2023-red\/"]}]},{"@type":"ImageObject","inLanguage":"en-US","@id":"https:\/\/www.grapillondor.com\/en\/produit\/igp-vaucluse-bib-2023-red\/#primaryimage","url":"https:\/\/www.grapillondor.com\/wp-content\/uploads\/2020\/04\/IMG_8309_opti.jpg","contentUrl":"https:\/\/www.grapillondor.com\/wp-content\/uploads\/2020\/04\/IMG_8309_opti.jpg","width":700,"height":700},{"@type":"BreadcrumbList","@id":"https:\/\/www.grapillondor.com\/en\/produit\/igp-vaucluse-bib-2023-red\/#breadcrumb","itemListElement":[{"@type":"ListItem","position":1,"name":"Accueil","item":"https:\/\/www.grapillondor.com\/en\/"},{"@type":"ListItem","position":2,"name":"Shop","item":"https:\/\/www.grapillondor.com\/shop\/?lang=en"},{"@type":"ListItem","position":3,"name":"IGP Vaucluse 2023 BIB (10 liters)"}]},{"@type":"WebSite","@id":"https:\/\/www.grapillondor.com\/#website","url":"https:\/\/www.grapillondor.com\/","name":"Le Grapillon d&#039;Or","description":"Depuis plus de 30 ans, le domaine est g\u00e9r\u00e9 avec succ\u00e8s par Bernard CHAUVET, rejoint il y a 10 ans par sa fille, C\u00e9line CHAUVET, qui s\u2019occupe de la vinification et de la gestion du domaine.","potentialAction":[{"@type":"SearchAction","target":{"@type":"EntryPoint","urlTemplate":"https:\/\/www.grapillondor.com\/?s={search_term_string}"},"query-input":{"@type":"PropertyValueSpecification","valueRequired":true,"valueName":"search_term_string"}}],"inLanguage":"en-US"}]}},"_links":{"self":[{"href":"https:\/\/www.grapillondor.com\/en\/wp-json\/wp\/v2\/product\/3204","targetHints":{"allow":["GET"]}}],"collection":[{"href":"https:\/\/www.grapillondor.com\/en\/wp-json\/wp\/v2\/product"}],"about":[{"href":"https:\/\/www.grapillondor.com\/en\/wp-json\/wp\/v2\/types\/product"}],"wp:featuredmedia":[{"embeddable":true,"href":"https:\/\/www.grapillondor.com\/en\/wp-json\/wp\/v2\/media\/3206"}],"wp:attachment":[{"href":"https:\/\/www.grapillondor.com\/en\/wp-json\/wp\/v2\/media?parent=3204"}],"wp:term":[{"taxonomy":"product_brand","embeddable":true,"href":"https:\/\/www.grapillondor.com\/en\/wp-json\/wp\/v2\/product_brand?post=3204"},{"taxonomy":"product_cat","embeddable":true,"href":"https:\/\/www.grapillondor.com\/en\/wp-json\/wp\/v2\/product_cat?post=3204"},{"taxonomy":"product_tag","embeddable":true,"href":"https:\/\/www.grapillondor.com\/en\/wp-json\/wp\/v2\/product_tag?post=3204"}],"curies":[{"name":"wp","href":"https:\/\/api.w.org\/{rel}","templated":true}]}}