{"id":2709,"date":"2020-04-20T15:41:07","date_gmt":"2020-04-20T13:41:07","guid":{"rendered":"https:\/\/www.grapillondor.com\/produit\/vacqueyras\/"},"modified":"2024-07-30T18:11:49","modified_gmt":"2024-07-30T16:11:49","slug":"vacqueyras-red-bottle-2020","status":"publish","type":"product","link":"https:\/\/www.grapillondor.com\/en\/produit\/vacqueyras-red-bottle-2020\/","title":{"rendered":"VACQUEYRAS 2020 bottle 75 cl"},"content":{"rendered":"<p><a href=\"https:\/\/jebdunnuck.com\/wines\/?keyword=grapillon+d%27or\" target=\"_blank\" rel=\"noopener noreferrer\"><img decoding=\"async\" class=\"wp-image-2729 alignleft\" src=\"https:\/\/www.grapillondor.com\/wp-content\/uploads\/2020\/04\/img_jebdunnuck.jpg\" alt=\"\" width=\"118\" height=\"50\" srcset=\"https:\/\/www.grapillondor.com\/wp-content\/uploads\/2020\/04\/img_jebdunnuck-110x46.jpg 110w, https:\/\/www.grapillondor.com\/wp-content\/uploads\/2020\/04\/img_jebdunnuck-200x84.jpg 200w, https:\/\/www.grapillondor.com\/wp-content\/uploads\/2020\/04\/img_jebdunnuck.jpg 218w\" sizes=\"(max-width: 118px) 100vw, 118px\" \/><\/a><br \/>\nJeb DUNNUCK 92-94 \/ John Livingstone 4****\/ MATT WALLS 93<\/p>\n<p>&nbsp;<\/p>\n<p><a href=\"https:\/\/www.robertparker.com\/\" target=\"_blank\" rel=\"noopener noreferrer\"><img decoding=\"async\" class=\"wp-image-2730 alignleft\" src=\"https:\/\/www.grapillondor.com\/wp-content\/uploads\/2020\/04\/img_robertparker.jpg\" alt=\"\" width=\"118\" height=\"50\" srcset=\"https:\/\/www.grapillondor.com\/wp-content\/uploads\/2020\/04\/img_robertparker-110x46.jpg 110w, https:\/\/www.grapillondor.com\/wp-content\/uploads\/2020\/04\/img_robertparker-200x84.jpg 200w, https:\/\/www.grapillondor.com\/wp-content\/uploads\/2020\/04\/img_robertparker.jpg 218w\" sizes=\"(max-width: 118px) 100vw, 118px\" \/><\/a><br \/>\nThe Wine Advocate 94-96<\/p>\n<p>&nbsp;<\/p>\n<p><a href=\"https:\/\/www.winespectator.com\/articles\/the-rhone-day-7-gigondas-and-vacqueyras-16009\" target=\"_blank\" rel=\"noopener noreferrer\"><img decoding=\"async\" class=\"wp-image-2733 alignleft\" src=\"https:\/\/www.grapillondor.com\/wp-content\/uploads\/2020\/04\/img_winespectator-1.jpg\" alt=\"\" width=\"118\" height=\"50\" srcset=\"https:\/\/www.grapillondor.com\/wp-content\/uploads\/2020\/04\/img_winespectator-1-110x46.jpg 110w, https:\/\/www.grapillondor.com\/wp-content\/uploads\/2020\/04\/img_winespectator-1-200x84.jpg 200w, https:\/\/www.grapillondor.com\/wp-content\/uploads\/2020\/04\/img_winespectator-1.jpg 218w\" sizes=\"(max-width: 118px) 100vw, 118px\" \/><\/a><br \/>\nWine Spectator<\/p>\n<p>&nbsp;<\/p>\n<p><a href=\"https:\/\/www.decanter.com\/wine-reviews\/france\/gigondas\/domaine-de-grapillon-dor-1806-gigondas-gigondas-2014-10138\" target=\"_blank\" rel=\"noopener noreferrer\"><img decoding=\"async\" class=\"wp-image-2731 alignleft\" src=\"https:\/\/www.grapillondor.com\/wp-content\/uploads\/2020\/04\/img_decanter.jpg\" alt=\"\" width=\"118\" height=\"50\" srcset=\"https:\/\/www.grapillondor.com\/wp-content\/uploads\/2020\/04\/img_decanter-110x46.jpg 110w, https:\/\/www.grapillondor.com\/wp-content\/uploads\/2020\/04\/img_decanter-200x84.jpg 200w, https:\/\/www.grapillondor.com\/wp-content\/uploads\/2020\/04\/img_decanter.jpg 218w\" sizes=\"(max-width: 118px) 100vw, 118px\" \/><\/a><strong><br \/>\n<\/strong>The wines from our estate are ranked among the 100 Best in the World \u201d, GB DECANTER review<\/p>\n<p>&nbsp;<\/p>\n<p><a href=\"https:\/\/www.domainedugrapillondor.com\/wp-content\/uploads\/2020\/04\/VAC-FR-VAC-PHOTO-2018.pdf\"><img decoding=\"async\" class=\"alignnone size-full wp-image-2997\" src=\"https:\/\/www.grapillondor.com\/wp-content\/uploads\/2020\/04\/pdf.png\" alt=\"\" width=\"32\" height=\"32\" \/><\/a><\/p>\n<p><span style=\"color: #8d7c14;\">Bronze Medal in M\u00e2con at the Grands Vins de France 2018 competition.<\/span><\/p>\n","protected":false},"excerpt":{"rendered":"<h2><span style=\"color: #8d7c14;\">VACQUEYRAS<\/span><\/h2>\n<p><strong>Colour:<\/strong>\u00a0Red<br \/>\n<strong>Grape-Varieties:<\/strong><br \/>\nGRENACHE\u00a0and SYRAH<br \/>\n<strong>Yield:<\/strong>\u00a036 hl\/hectares<\/p>\n<p><strong>Exposure and soil:<\/strong><br \/>\nThe vineyard is essentially situated on the plateau of Vacqueyras. The soil is composed of pebbles and clayish-limestone.<\/p>\n<p><strong>Vinification:<\/strong><br \/>\nThe vinification is traditional, the grapes are harvested by hand and carefully sorted. The grapes are destemmed but slightly crushed. The maceration lasts 10 to 12 days to obtain maximum colour, concentration and aromatic compounds.<\/p>\n<p><strong>Aging:<\/strong><br \/>\nThis is a generous wine with ever-present tannins, presenting lovely fruity notes.<br \/>\nTo be enjoyed when young.<br \/>\nThe Vacqueyras is Estate-bottled with our own bottling system.<\/p>\n<p><em><span style=\"color: #8d7c14;\">\u00ab It has a deep purple colour with intense aromas of red fruits. The tannins are supple and elegant and this wine is well balanced and pleasant. \u00bb<\/span><\/em><\/p>\n<p><strong>Serving Suggestions:<\/strong><br \/>\nThis wine is perfect with leg of lamb, beef with wine sauce, duck filet, beef, risotto, grilled meat, summer dishes and cheese. This wine goes well with many dishes.<br \/>\nServe it at the temperature of 18\u00b0.<br \/>\nThis wine can be kept (6 years), but you can drink it now. Best between 2 and 4 years.<\/p>\n<p>&nbsp;<\/p>\n","protected":false},"featured_media":3476,"template":"","meta":[],"product_brand":[],"product_cat":[46],"product_tag":[],"class_list":{"0":"post-2709","1":"product","2":"type-product","3":"status-publish","4":"has-post-thumbnail","6":"product_cat-les-vins-en","8":"first","9":"instock","10":"taxable","11":"shipping-taxable","12":"purchasable","13":"product-type-simple"},"yoast_head":"<!-- This site is optimized with the Yoast SEO plugin v27.5 - https:\/\/yoast.com\/product\/yoast-seo-wordpress\/ -->\n<title>VACQUEYRAS 2020 bottle 75 cl - Le Grapillon d&#039;Or<\/title>\n<meta name=\"robots\" content=\"index, follow, max-snippet:-1, max-image-preview:large, max-video-preview:-1\" \/>\n<link rel=\"canonical\" href=\"https:\/\/www.grapillondor.com\/en\/produit\/vacqueyras-red-bottle-2020\/\" \/>\n<meta property=\"og:locale\" content=\"en_US\" \/>\n<meta property=\"og:type\" content=\"article\" \/>\n<meta property=\"og:title\" content=\"VACQUEYRAS 2020 bottle 75 cl - Le Grapillon d&#039;Or\" \/>\n<meta property=\"og:description\" content=\"VACQUEYRAS Colour:\u00a0Red Grape-Varieties: GRENACHE\u00a0and SYRAH Yield:\u00a036 hl\/hectares  Exposure and soil: The vineyard is essentially situated on the plateau of Vacqueyras. The soil is composed of pebbles and clayish-limestone.  Vinification: The vinification is traditional, the grapes are harvested by hand and carefully sorted. The grapes are destemmed but slightly crushed. The maceration lasts 10 to 12 days to obtain maximum colour, concentration and aromatic compounds.  Aging: This is a generous wine with ever-present tannins, presenting lovely fruity notes. To be enjoyed when young. The Vacqueyras is Estate-bottled with our own bottling system.  \u00ab It has a deep purple colour with intense aromas of red fruits. The tannins are supple and elegant and this wine is well balanced and pleasant. \u00bb  Serving Suggestions: This wine is perfect with leg of lamb, beef with wine sauce, duck filet, beef, risotto, grilled meat, summer dishes and cheese. This wine goes well with many dishes. Serve it at the temperature of 18\u00b0. This wine can be kept (6 years), but you can drink it now. Best between 2 and 4 years.  &nbsp;\" \/>\n<meta property=\"og:url\" content=\"https:\/\/www.grapillondor.com\/en\/produit\/vacqueyras-red-bottle-2020\/\" \/>\n<meta property=\"og:site_name\" content=\"Le Grapillon d&#039;Or\" \/>\n<meta property=\"article:modified_time\" content=\"2024-07-30T16:11:49+00:00\" \/>\n<meta property=\"og:image\" content=\"https:\/\/www.grapillondor.com\/wp-content\/uploads\/2020\/06\/vacqueyras-rouge-1806-domaine-du-grapillon-d-or-famille-chauvet.jpg\" \/>\n\t<meta property=\"og:image:width\" content=\"700\" \/>\n\t<meta property=\"og:image:height\" content=\"700\" \/>\n\t<meta property=\"og:image:type\" content=\"image\/jpeg\" \/>\n<meta name=\"twitter:card\" content=\"summary_large_image\" \/>\n<meta name=\"twitter:label1\" content=\"Est. reading time\" \/>\n\t<meta name=\"twitter:data1\" content=\"2 minutes\" \/>\n<script type=\"application\/ld+json\" class=\"yoast-schema-graph\">{\"@context\":\"https:\\\/\\\/schema.org\",\"@graph\":[{\"@type\":\"WebPage\",\"@id\":\"https:\\\/\\\/www.grapillondor.com\\\/en\\\/produit\\\/vacqueyras-red-bottle-2020\\\/\",\"url\":\"https:\\\/\\\/www.grapillondor.com\\\/en\\\/produit\\\/vacqueyras-red-bottle-2020\\\/\",\"name\":\"VACQUEYRAS 2020 bottle 75 cl - Le Grapillon d&#039;Or\",\"isPartOf\":{\"@id\":\"https:\\\/\\\/www.grapillondor.com\\\/#website\"},\"primaryImageOfPage\":{\"@id\":\"https:\\\/\\\/www.grapillondor.com\\\/en\\\/produit\\\/vacqueyras-red-bottle-2020\\\/#primaryimage\"},\"image\":{\"@id\":\"https:\\\/\\\/www.grapillondor.com\\\/en\\\/produit\\\/vacqueyras-red-bottle-2020\\\/#primaryimage\"},\"thumbnailUrl\":\"https:\\\/\\\/www.grapillondor.com\\\/wp-content\\\/uploads\\\/2020\\\/06\\\/vacqueyras-rouge-1806-domaine-du-grapillon-d-or-famille-chauvet.jpg\",\"datePublished\":\"2020-04-20T13:41:07+00:00\",\"dateModified\":\"2024-07-30T16:11:49+00:00\",\"breadcrumb\":{\"@id\":\"https:\\\/\\\/www.grapillondor.com\\\/en\\\/produit\\\/vacqueyras-red-bottle-2020\\\/#breadcrumb\"},\"inLanguage\":\"en-US\",\"potentialAction\":[{\"@type\":\"ReadAction\",\"target\":[\"https:\\\/\\\/www.grapillondor.com\\\/en\\\/produit\\\/vacqueyras-red-bottle-2020\\\/\"]}]},{\"@type\":\"ImageObject\",\"inLanguage\":\"en-US\",\"@id\":\"https:\\\/\\\/www.grapillondor.com\\\/en\\\/produit\\\/vacqueyras-red-bottle-2020\\\/#primaryimage\",\"url\":\"https:\\\/\\\/www.grapillondor.com\\\/wp-content\\\/uploads\\\/2020\\\/06\\\/vacqueyras-rouge-1806-domaine-du-grapillon-d-or-famille-chauvet.jpg\",\"contentUrl\":\"https:\\\/\\\/www.grapillondor.com\\\/wp-content\\\/uploads\\\/2020\\\/06\\\/vacqueyras-rouge-1806-domaine-du-grapillon-d-or-famille-chauvet.jpg\",\"width\":700,\"height\":700},{\"@type\":\"BreadcrumbList\",\"@id\":\"https:\\\/\\\/www.grapillondor.com\\\/en\\\/produit\\\/vacqueyras-red-bottle-2020\\\/#breadcrumb\",\"itemListElement\":[{\"@type\":\"ListItem\",\"position\":1,\"name\":\"Accueil\",\"item\":\"https:\\\/\\\/www.grapillondor.com\\\/en\\\/\"},{\"@type\":\"ListItem\",\"position\":2,\"name\":\"Shop\",\"item\":\"https:\\\/\\\/www.grapillondor.com\\\/shop\\\/?lang=en\"},{\"@type\":\"ListItem\",\"position\":3,\"name\":\"VACQUEYRAS 2020 bottle 75 cl\"}]},{\"@type\":\"WebSite\",\"@id\":\"https:\\\/\\\/www.grapillondor.com\\\/#website\",\"url\":\"https:\\\/\\\/www.grapillondor.com\\\/\",\"name\":\"Le Grapillon d&#039;Or\",\"description\":\"Depuis plus de 30 ans, le domaine est g\u00e9r\u00e9 avec succ\u00e8s par Bernard CHAUVET, rejoint il y a 10 ans par sa fille, C\u00e9line CHAUVET, qui s\u2019occupe de la vinification et de la gestion du domaine.\",\"potentialAction\":[{\"@type\":\"SearchAction\",\"target\":{\"@type\":\"EntryPoint\",\"urlTemplate\":\"https:\\\/\\\/www.grapillondor.com\\\/?s={search_term_string}\"},\"query-input\":{\"@type\":\"PropertyValueSpecification\",\"valueRequired\":true,\"valueName\":\"search_term_string\"}}],\"inLanguage\":\"en-US\"}]}<\/script>\n<!-- \/ Yoast SEO plugin. -->","yoast_head_json":{"title":"VACQUEYRAS 2020 bottle 75 cl - Le Grapillon d&#039;Or","robots":{"index":"index","follow":"follow","max-snippet":"max-snippet:-1","max-image-preview":"max-image-preview:large","max-video-preview":"max-video-preview:-1"},"canonical":"https:\/\/www.grapillondor.com\/en\/produit\/vacqueyras-red-bottle-2020\/","og_locale":"en_US","og_type":"article","og_title":"VACQUEYRAS 2020 bottle 75 cl - Le Grapillon d&#039;Or","og_description":"VACQUEYRAS Colour:\u00a0Red Grape-Varieties: GRENACHE\u00a0and SYRAH Yield:\u00a036 hl\/hectares  Exposure and soil: The vineyard is essentially situated on the plateau of Vacqueyras. The soil is composed of pebbles and clayish-limestone.  Vinification: The vinification is traditional, the grapes are harvested by hand and carefully sorted. The grapes are destemmed but slightly crushed. The maceration lasts 10 to 12 days to obtain maximum colour, concentration and aromatic compounds.  Aging: This is a generous wine with ever-present tannins, presenting lovely fruity notes. To be enjoyed when young. The Vacqueyras is Estate-bottled with our own bottling system.  \u00ab It has a deep purple colour with intense aromas of red fruits. The tannins are supple and elegant and this wine is well balanced and pleasant. \u00bb  Serving Suggestions: This wine is perfect with leg of lamb, beef with wine sauce, duck filet, beef, risotto, grilled meat, summer dishes and cheese. This wine goes well with many dishes. Serve it at the temperature of 18\u00b0. This wine can be kept (6 years), but you can drink it now. Best between 2 and 4 years.  &nbsp;","og_url":"https:\/\/www.grapillondor.com\/en\/produit\/vacqueyras-red-bottle-2020\/","og_site_name":"Le Grapillon d&#039;Or","article_modified_time":"2024-07-30T16:11:49+00:00","og_image":[{"width":700,"height":700,"url":"https:\/\/www.grapillondor.com\/wp-content\/uploads\/2020\/06\/vacqueyras-rouge-1806-domaine-du-grapillon-d-or-famille-chauvet.jpg","type":"image\/jpeg"}],"twitter_card":"summary_large_image","twitter_misc":{"Est. reading time":"2 minutes"},"schema":{"@context":"https:\/\/schema.org","@graph":[{"@type":"WebPage","@id":"https:\/\/www.grapillondor.com\/en\/produit\/vacqueyras-red-bottle-2020\/","url":"https:\/\/www.grapillondor.com\/en\/produit\/vacqueyras-red-bottle-2020\/","name":"VACQUEYRAS 2020 bottle 75 cl - Le Grapillon d&#039;Or","isPartOf":{"@id":"https:\/\/www.grapillondor.com\/#website"},"primaryImageOfPage":{"@id":"https:\/\/www.grapillondor.com\/en\/produit\/vacqueyras-red-bottle-2020\/#primaryimage"},"image":{"@id":"https:\/\/www.grapillondor.com\/en\/produit\/vacqueyras-red-bottle-2020\/#primaryimage"},"thumbnailUrl":"https:\/\/www.grapillondor.com\/wp-content\/uploads\/2020\/06\/vacqueyras-rouge-1806-domaine-du-grapillon-d-or-famille-chauvet.jpg","datePublished":"2020-04-20T13:41:07+00:00","dateModified":"2024-07-30T16:11:49+00:00","breadcrumb":{"@id":"https:\/\/www.grapillondor.com\/en\/produit\/vacqueyras-red-bottle-2020\/#breadcrumb"},"inLanguage":"en-US","potentialAction":[{"@type":"ReadAction","target":["https:\/\/www.grapillondor.com\/en\/produit\/vacqueyras-red-bottle-2020\/"]}]},{"@type":"ImageObject","inLanguage":"en-US","@id":"https:\/\/www.grapillondor.com\/en\/produit\/vacqueyras-red-bottle-2020\/#primaryimage","url":"https:\/\/www.grapillondor.com\/wp-content\/uploads\/2020\/06\/vacqueyras-rouge-1806-domaine-du-grapillon-d-or-famille-chauvet.jpg","contentUrl":"https:\/\/www.grapillondor.com\/wp-content\/uploads\/2020\/06\/vacqueyras-rouge-1806-domaine-du-grapillon-d-or-famille-chauvet.jpg","width":700,"height":700},{"@type":"BreadcrumbList","@id":"https:\/\/www.grapillondor.com\/en\/produit\/vacqueyras-red-bottle-2020\/#breadcrumb","itemListElement":[{"@type":"ListItem","position":1,"name":"Accueil","item":"https:\/\/www.grapillondor.com\/en\/"},{"@type":"ListItem","position":2,"name":"Shop","item":"https:\/\/www.grapillondor.com\/shop\/?lang=en"},{"@type":"ListItem","position":3,"name":"VACQUEYRAS 2020 bottle 75 cl"}]},{"@type":"WebSite","@id":"https:\/\/www.grapillondor.com\/#website","url":"https:\/\/www.grapillondor.com\/","name":"Le Grapillon d&#039;Or","description":"Depuis plus de 30 ans, le domaine est g\u00e9r\u00e9 avec succ\u00e8s par Bernard CHAUVET, rejoint il y a 10 ans par sa fille, C\u00e9line CHAUVET, qui s\u2019occupe de la vinification et de la gestion du domaine.","potentialAction":[{"@type":"SearchAction","target":{"@type":"EntryPoint","urlTemplate":"https:\/\/www.grapillondor.com\/?s={search_term_string}"},"query-input":{"@type":"PropertyValueSpecification","valueRequired":true,"valueName":"search_term_string"}}],"inLanguage":"en-US"}]}},"_links":{"self":[{"href":"https:\/\/www.grapillondor.com\/en\/wp-json\/wp\/v2\/product\/2709","targetHints":{"allow":["GET"]}}],"collection":[{"href":"https:\/\/www.grapillondor.com\/en\/wp-json\/wp\/v2\/product"}],"about":[{"href":"https:\/\/www.grapillondor.com\/en\/wp-json\/wp\/v2\/types\/product"}],"wp:featuredmedia":[{"embeddable":true,"href":"https:\/\/www.grapillondor.com\/en\/wp-json\/wp\/v2\/media\/3476"}],"wp:attachment":[{"href":"https:\/\/www.grapillondor.com\/en\/wp-json\/wp\/v2\/media?parent=2709"}],"wp:term":[{"taxonomy":"product_brand","embeddable":true,"href":"https:\/\/www.grapillondor.com\/en\/wp-json\/wp\/v2\/product_brand?post=2709"},{"taxonomy":"product_cat","embeddable":true,"href":"https:\/\/www.grapillondor.com\/en\/wp-json\/wp\/v2\/product_cat?post=2709"},{"taxonomy":"product_tag","embeddable":true,"href":"https:\/\/www.grapillondor.com\/en\/wp-json\/wp\/v2\/product_tag?post=2709"}],"curies":[{"name":"wp","href":"https:\/\/api.w.org\/{rel}","templated":true}]}}