{"id":3127,"date":"2020-04-16T12:04:37","date_gmt":"2020-04-16T10:04:37","guid":{"rendered":"https:\/\/www.grapillondor.com\/shop\/my-account\/"},"modified":"2020-04-16T12:04:39","modified_gmt":"2020-04-16T10:04:39","slug":"my-account","status":"publish","type":"page","link":"https:\/\/www.grapillondor.com\/en\/shop\/my-account\/","title":{"rendered":"My Account"},"content":{"rendered":"<div class=\"fusion-fullwidth fullwidth-box fusion-builder-row-1 nonhundred-percent-fullwidth non-hundred-percent-height-scrolling\" style=\"--awb-border-radius-top-left:0px;--awb-border-radius-top-right:0px;--awb-border-radius-bottom-right:0px;--awb-border-radius-bottom-left:0px;--awb-flex-wrap:wrap;\" ><div class=\"fusion-builder-row fusion-row\"><div class=\"fusion-layout-column fusion_builder_column fusion-builder-column-0 fusion_builder_column_1_1 1_1 fusion-one-full fusion-column-first fusion-column-last\" style=\"--awb-bg-size:cover;\"><div class=\"fusion-column-wrapper fusion-column-has-shadow fusion-flex-column-wrapper-legacy\"><div class=\"woocommerce\"><\/div><div class=\"fusion-clearfix\"><\/div><\/div><\/div><\/div><\/div>\n","protected":false},"excerpt":{"rendered":"","protected":false},"author":1,"featured_media":0,"parent":2928,"menu_order":0,"comment_status":"closed","ping_status":"closed","template":"100-width.php","meta":{"footnotes":""},"class_list":["post-3127","page","type-page","status-publish","hentry"],"yoast_head":"<!-- This site is optimized with the Yoast SEO plugin v27.3 - https:\/\/yoast.com\/product\/yoast-seo-wordpress\/ -->\n<title>My Account - Le Grapillon d&#039;Or<\/title>\n<meta name=\"robots\" content=\"index, follow, max-snippet:-1, max-image-preview:large, max-video-preview:-1\" \/>\n<link rel=\"canonical\" href=\"https:\/\/www.grapillondor.com\/shop\/my-account\/?lang=en\" \/>\n<meta property=\"og:locale\" content=\"en_US\" \/>\n<meta property=\"og:type\" content=\"article\" \/>\n<meta property=\"og:title\" content=\"My Account - Le Grapillon d&#039;Or\" \/>\n<meta property=\"og:url\" content=\"https:\/\/www.grapillondor.com\/shop\/my-account\/?lang=en\" \/>\n<meta property=\"og:site_name\" content=\"Le Grapillon d&#039;Or\" \/>\n<meta property=\"article:modified_time\" content=\"2020-04-16T10:04:39+00:00\" \/>\n<meta name=\"twitter:card\" content=\"summary_large_image\" \/>\n<meta name=\"twitter:label1\" content=\"Est. reading time\" \/>\n\t<meta name=\"twitter:data1\" content=\"2 minutes\" \/>\n<script type=\"application\/ld+json\" class=\"yoast-schema-graph\">{\"@context\":\"https:\\\/\\\/schema.org\",\"@graph\":[{\"@type\":\"WebPage\",\"@id\":\"https:\\\/\\\/www.grapillondor.com\\\/shop\\\/my-account\\\/?lang=en\",\"url\":\"https:\\\/\\\/www.grapillondor.com\\\/shop\\\/my-account\\\/?lang=en\",\"name\":\"My Account - Le Grapillon d&#039;Or\",\"isPartOf\":{\"@id\":\"https:\\\/\\\/www.grapillondor.com\\\/#website\"},\"datePublished\":\"2020-04-16T10:04:37+00:00\",\"dateModified\":\"2020-04-16T10:04:39+00:00\",\"breadcrumb\":{\"@id\":\"https:\\\/\\\/www.grapillondor.com\\\/shop\\\/my-account\\\/?lang=en#breadcrumb\"},\"inLanguage\":\"en-US\",\"potentialAction\":[{\"@type\":\"ReadAction\",\"target\":[\"https:\\\/\\\/www.grapillondor.com\\\/shop\\\/my-account\\\/?lang=en\"]}]},{\"@type\":\"BreadcrumbList\",\"@id\":\"https:\\\/\\\/www.grapillondor.com\\\/shop\\\/my-account\\\/?lang=en#breadcrumb\",\"itemListElement\":[{\"@type\":\"ListItem\",\"position\":1,\"name\":\"Accueil\",\"item\":\"https:\\\/\\\/www.grapillondor.com\\\/en\\\/\"},{\"@type\":\"ListItem\",\"position\":2,\"name\":\"Shop\",\"item\":\"https:\\\/\\\/www.grapillondor.com\\\/shop\\\/?lang=en\"},{\"@type\":\"ListItem\",\"position\":3,\"name\":\"My Account\"}]},{\"@type\":\"WebSite\",\"@id\":\"https:\\\/\\\/www.grapillondor.com\\\/#website\",\"url\":\"https:\\\/\\\/www.grapillondor.com\\\/\",\"name\":\"Le Grapillon d&#039;Or\",\"description\":\"Depuis plus de 30 ans, le domaine est g\u00e9r\u00e9 avec succ\u00e8s par Bernard CHAUVET, rejoint il y a 10 ans par sa fille, C\u00e9line CHAUVET, qui s\u2019occupe de la vinification et de la gestion du domaine.\",\"potentialAction\":[{\"@type\":\"SearchAction\",\"target\":{\"@type\":\"EntryPoint\",\"urlTemplate\":\"https:\\\/\\\/www.grapillondor.com\\\/?s={search_term_string}\"},\"query-input\":{\"@type\":\"PropertyValueSpecification\",\"valueRequired\":true,\"valueName\":\"search_term_string\"}}],\"inLanguage\":\"en-US\"}]}<\/script>\n<!-- \/ Yoast SEO plugin. -->","yoast_head_json":{"title":"My Account - Le Grapillon d&#039;Or","robots":{"index":"index","follow":"follow","max-snippet":"max-snippet:-1","max-image-preview":"max-image-preview:large","max-video-preview":"max-video-preview:-1"},"canonical":"https:\/\/www.grapillondor.com\/shop\/my-account\/?lang=en","og_locale":"en_US","og_type":"article","og_title":"My Account - Le Grapillon d&#039;Or","og_url":"https:\/\/www.grapillondor.com\/shop\/my-account\/?lang=en","og_site_name":"Le Grapillon d&#039;Or","article_modified_time":"2020-04-16T10:04:39+00:00","twitter_card":"summary_large_image","twitter_misc":{"Est. reading time":"2 minutes"},"schema":{"@context":"https:\/\/schema.org","@graph":[{"@type":"WebPage","@id":"https:\/\/www.grapillondor.com\/shop\/my-account\/?lang=en","url":"https:\/\/www.grapillondor.com\/shop\/my-account\/?lang=en","name":"My Account - Le Grapillon d&#039;Or","isPartOf":{"@id":"https:\/\/www.grapillondor.com\/#website"},"datePublished":"2020-04-16T10:04:37+00:00","dateModified":"2020-04-16T10:04:39+00:00","breadcrumb":{"@id":"https:\/\/www.grapillondor.com\/shop\/my-account\/?lang=en#breadcrumb"},"inLanguage":"en-US","potentialAction":[{"@type":"ReadAction","target":["https:\/\/www.grapillondor.com\/shop\/my-account\/?lang=en"]}]},{"@type":"BreadcrumbList","@id":"https:\/\/www.grapillondor.com\/shop\/my-account\/?lang=en#breadcrumb","itemListElement":[{"@type":"ListItem","position":1,"name":"Accueil","item":"https:\/\/www.grapillondor.com\/en\/"},{"@type":"ListItem","position":2,"name":"Shop","item":"https:\/\/www.grapillondor.com\/shop\/?lang=en"},{"@type":"ListItem","position":3,"name":"My Account"}]},{"@type":"WebSite","@id":"https:\/\/www.grapillondor.com\/#website","url":"https:\/\/www.grapillondor.com\/","name":"Le Grapillon d&#039;Or","description":"Depuis plus de 30 ans, le domaine est g\u00e9r\u00e9 avec succ\u00e8s par Bernard CHAUVET, rejoint il y a 10 ans par sa fille, C\u00e9line CHAUVET, qui s\u2019occupe de la vinification et de la gestion du domaine.","potentialAction":[{"@type":"SearchAction","target":{"@type":"EntryPoint","urlTemplate":"https:\/\/www.grapillondor.com\/?s={search_term_string}"},"query-input":{"@type":"PropertyValueSpecification","valueRequired":true,"valueName":"search_term_string"}}],"inLanguage":"en-US"}]}},"_links":{"self":[{"href":"https:\/\/www.grapillondor.com\/en\/wp-json\/wp\/v2\/pages\/3127","targetHints":{"allow":["GET"]}}],"collection":[{"href":"https:\/\/www.grapillondor.com\/en\/wp-json\/wp\/v2\/pages"}],"about":[{"href":"https:\/\/www.grapillondor.com\/en\/wp-json\/wp\/v2\/types\/page"}],"author":[{"embeddable":true,"href":"https:\/\/www.grapillondor.com\/en\/wp-json\/wp\/v2\/users\/1"}],"replies":[{"embeddable":true,"href":"https:\/\/www.grapillondor.com\/en\/wp-json\/wp\/v2\/comments?post=3127"}],"version-history":[{"count":1,"href":"https:\/\/www.grapillondor.com\/en\/wp-json\/wp\/v2\/pages\/3127\/revisions"}],"predecessor-version":[{"id":3130,"href":"https:\/\/www.grapillondor.com\/en\/wp-json\/wp\/v2\/pages\/3127\/revisions\/3130"}],"up":[{"embeddable":true,"href":"https:\/\/www.grapillondor.com\/en\/wp-json\/wp\/v2\/pages\/2928"}],"wp:attachment":[{"href":"https:\/\/www.grapillondor.com\/en\/wp-json\/wp\/v2\/media?parent=3127"}],"curies":[{"name":"wp","href":"https:\/\/api.w.org\/{rel}","templated":true}]}}